{"id":14,"date":"2025-12-11T13:42:11","date_gmt":"2025-12-11T10:42:11","guid":{"rendered":"https:\/\/www.grafika.com.tr\/en\/?page_id=14"},"modified":"2026-03-11T19:41:00","modified_gmt":"2026-03-11T16:41:00","slug":"ana-sayfa","status":"publish","type":"page","link":"https:\/\/www.grafika.com.tr\/en\/","title":{"rendered":"Home"},"content":{"rendered":"<p>[et_pb_section fb_built=&#8221;1&#8243; _builder_version=&#8221;4.27.4&#8243; _module_preset=&#8221;default&#8221; custom_margin=&#8221;0px|0px|0px|0px|false|false&#8221; custom_padding=&#8221;0px|0px|0px|0px|false|false&#8221; global_colors_info=&#8221;{}&#8221;][et_pb_row _builder_version=&#8221;4.27.4&#8243; _module_preset=&#8221;default&#8221; width=&#8221;100%&#8221; max_width=&#8221;2560px&#8221; min_height=&#8221;149px&#8221; height=&#8221;740px&#8221; custom_margin=&#8221;0px|0px|-321px|0px|false|false&#8221; custom_padding=&#8221;0px|2px|0px|0px|false|false&#8221; global_colors_info=&#8221;{}&#8221;][et_pb_column type=&#8221;4_4&#8243; _builder_version=&#8221;4.27.4&#8243; _module_preset=&#8221;default&#8221; global_colors_info=&#8221;{}&#8221;][et_pb_slider arrows_custom_color=&#8221;#FFFFFF&#8221; dot_nav_custom_color=&#8221;#FFFFFF&#8221; _builder_version=&#8221;4.27.5&#8243; _module_preset=&#8221;default&#8221; width_tablet=&#8221;&#8221; width_phone=&#8221;100%&#8221; width_last_edited=&#8221;on|phone&#8221; max_width=&#8221;100%&#8221; content_width=&#8221;1200px&#8221; content_max_width=&#8221;1200px&#8221; height=&#8221;737px&#8221; height_tablet=&#8221;737px&#8221; height_phone=&#8221;372px&#8221; height_last_edited=&#8221;on|phone&#8221; max_height=&#8221;737px&#8221; custom_margin=&#8221;||52px|||&#8221; animation_style=&#8221;bounce&#8221; animation_direction=&#8221;left&#8221; animation_duration=&#8221;1750ms&#8221; animation_delay=&#8221;1650ms&#8221; animation_starting_opacity=&#8221;100%&#8221; animation_speed_curve=&#8221;ease-out&#8221; auto=&#8221;on&#8221; auto_ignore_hover=&#8221;on&#8221; border_radii_image_tablet=&#8221;&#8221; border_radii_image_phone=&#8221;&#8221; border_radii_image_last_edited=&#8221;on|phone&#8221; global_colors_info=&#8221;{}&#8221;][et_pb_slide _builder_version=&#8221;4.27.4&#8243; _module_preset=&#8221;default&#8221; background_color=&#8221;RGBA(255,255,255,0)&#8221; background_enable_color=&#8221;on&#8221; background_image=&#8221;https:\/\/www.grafika.com.tr\/en\/wp-content\/uploads\/2026\/01\/elsitel01.jpg&#8221; background_enable_image=&#8221;on&#8221; global_colors_info=&#8221;{}&#8221; sticky_transition=&#8221;on&#8221;][\/et_pb_slide][et_pb_slide _builder_version=&#8221;4.27.4&#8243; _module_preset=&#8221;default&#8221; background_enable_color=&#8221;off&#8221; background_image=&#8221;https:\/\/www.grafika.com.tr\/en\/wp-content\/uploads\/2026\/01\/savronik01.jpg&#8221; background_enable_image=&#8221;on&#8221; global_colors_info=&#8221;{}&#8221; sticky_transition=&#8221;on&#8221;][\/et_pb_slide][et_pb_slide _builder_version=&#8221;4.27.4&#8243; _module_preset=&#8221;default&#8221; background_enable_color=&#8221;off&#8221; background_image=&#8221;https:\/\/www.grafika.com.tr\/en\/wp-content\/uploads\/2025\/12\/07.jpg&#8221; background_enable_image=&#8221;on&#8221; global_colors_info=&#8221;{}&#8221; sticky_transition=&#8221;on&#8221;][\/et_pb_slide][et_pb_slide _builder_version=&#8221;4.27.4&#8243; _module_preset=&#8221;default&#8221; background_enable_color=&#8221;off&#8221; background_image=&#8221;https:\/\/www.grafika.com.tr\/en\/wp-content\/uploads\/2025\/12\/08.jpg&#8221; background_enable_image=&#8221;on&#8221; global_colors_info=&#8221;{}&#8221; sticky_transition=&#8221;on&#8221;][\/et_pb_slide][\/et_pb_slider][\/et_pb_column][\/et_pb_row][et_pb_row _builder_version=&#8221;4.27.4&#8243; _module_preset=&#8221;default&#8221; global_colors_info=&#8221;{}&#8221;][et_pb_column type=&#8221;4_4&#8243; _builder_version=&#8221;4.27.4&#8243; _module_preset=&#8221;default&#8221; global_colors_info=&#8221;{}&#8221;][et_pb_text content_last_edited=&#8221;off|desktop&#8221; _builder_version=&#8221;4.27.5&#8243; _module_preset=&#8221;default&#8221; text_font=&#8221;|600|||||||&#8221; text_text_color=&#8221;#0C71C3&#8243; text_font_size=&#8221;24px&#8221; header_font=&#8221;|600|||||||&#8221; header_text_align=&#8221;center&#8221; header_text_color=&#8221;#2b77b5&#8243; header_2_font=&#8221;Arimo||||||||&#8221; header_2_text_align=&#8221;center&#8221; header_2_text_color=&#8221;#00093d&#8221; header_2_line_height=&#8221;1.4em&#8221; min_height=&#8221;311.6px&#8221; custom_margin=&#8221;||-3px|||&#8221; custom_padding=&#8221;0px||2px|||&#8221; global_colors_info=&#8221;{}&#8221;]<\/p>\n<h1><span style=\"font-size: xx-large; color: #333333;\"><strong>Grafika,\u00a0Transforming Design into Inspiring Spaces<\/strong><\/span><\/h1>\n<h2 style=\"text-align: center;\"><strong><\/strong><\/h2>\n<h2 style=\"text-align: center;\"><strong><\/strong><\/h2>\n<h2 style=\"text-align: center;\"><span style=\"color: #993300;\">We bring creative ideas to life in exhibition stands and interior decoration through strong production and flawless execution.<\/span><\/h2>\n<p><span style=\"color: #384556;\"><strong>\u00a0<\/strong><\/span><\/p>\n<h2>We design unique spaces where brands express themselves at their best and leave a lasting impression on visitors.<\/h2>\n<p>[\/et_pb_text][\/et_pb_column][\/et_pb_row][et_pb_row column_structure=&#8221;1_4,1_4,1_4,1_4&#8243; _builder_version=&#8221;4.27.5&#8243; _module_preset=&#8221;default&#8221; min_height=&#8221;500px&#8221; custom_margin=&#8221;-20px|auto|4px|auto||&#8221; custom_padding=&#8221;||49px|||&#8221; global_colors_info=&#8221;{}&#8221;][et_pb_column type=&#8221;1_4&#8243; _builder_version=&#8221;4.27.4&#8243; _module_preset=&#8221;default&#8221; global_colors_info=&#8221;{}&#8221;][et_pb_heading title=&#8221;EXHIBITION STAND&#8221; _builder_version=&#8221;4.27.5&#8243; _module_preset=&#8221;default&#8221; title_level=&#8221;h3&#8243; title_font=&#8221;|600|||||||&#8221; title_text_align=&#8221;center&#8221; title_text_color=&#8221;#FFFFFF&#8221; background_color=&#8221;#6c8aa1&#8243; custom_margin=&#8221;0px|0px|0px|0px|false|false&#8221; custom_padding=&#8221;10px|0px|5px|0px|false|false&#8221; global_colors_info=&#8221;{}&#8221;][\/et_pb_heading][et_pb_text _builder_version=&#8221;4.27.5&#8243; _module_preset=&#8221;default&#8221; text_font_size=&#8221;16px&#8221; background_color=&#8221;rgba(239,239,239,0.62)&#8221; min_height=&#8221;80px&#8221; custom_margin=&#8221;0px|0px|0px|0px|false|false&#8221; custom_padding=&#8221;10px|10px|10px|10px|false|false&#8221; box_shadow_style=&#8221;preset2&#8243; global_colors_info=&#8221;{}&#8221;]<\/p>\n<p style=\"text-align: center;\">Discover Our Exhibition Stand Projects.<\/p>\n<p>[\/et_pb_text][et_pb_image src=&#8221;https:\/\/www.grafika.com.tr\/en\/wp-content\/uploads\/2025\/12\/01.jpg&#8221; title_text=&#8221;01&#8243; url=&#8221;@ET-DC@eyJkeW5hbWljIjp0cnVlLCJjb250ZW50IjoicG9zdF9saW5rX3VybF9wYWdlIiwic2V0dGluZ3MiOnsicG9zdF9pZCI6IjE5In19@&#8221; use_overlay=&#8221;on&#8221; overlay_icon_color=&#8221;#FFFFFF&#8221; hover_overlay_color=&#8221;rgba(206,0,0,0.28)&#8221; _builder_version=&#8221;4.27.4&#8243; _dynamic_attributes=&#8221;url&#8221; _module_preset=&#8221;default&#8221; box_shadow_style=&#8221;preset2&#8243; global_colors_info=&#8221;{}&#8221;][\/et_pb_image][\/et_pb_column][et_pb_column type=&#8221;1_4&#8243; _builder_version=&#8221;4.27.4&#8243; _module_preset=&#8221;default&#8221; global_colors_info=&#8221;{}&#8221;][et_pb_heading title=&#8221;INTERIOR DESIGN&#8221; _builder_version=&#8221;4.27.5&#8243; _module_preset=&#8221;default&#8221; title_level=&#8221;h3&#8243; title_font=&#8221;|600|||||||&#8221; title_text_align=&#8221;center&#8221; title_text_color=&#8221;#FFFFFF&#8221; background_color=&#8221;#6c8aa1&#8243; custom_margin=&#8221;0px|0px|0px|0px|false|false&#8221; custom_padding=&#8221;10px|0px|5px|0px|false|false&#8221; global_colors_info=&#8221;{}&#8221;][\/et_pb_heading][et_pb_text _builder_version=&#8221;4.27.5&#8243; _module_preset=&#8221;default&#8221; text_font_size=&#8221;16px&#8221; background_color=&#8221;rgba(239,239,239,0.62)&#8221; min_height=&#8221;80px&#8221; custom_margin=&#8221;0px|0px|0px|0px|false|false&#8221; custom_padding=&#8221;10px|10px|10px|10px|false|false&#8221; box_shadow_style=&#8221;preset2&#8243; global_colors_info=&#8221;{}&#8221;]<\/p>\n<p style=\"text-align: center;\">Discover Our Interior Design Projects.<\/p>\n<p>[\/et_pb_text][et_pb_image src=&#8221;https:\/\/www.grafika.com.tr\/en\/wp-content\/uploads\/2025\/12\/1453osmanli4.jpg&#8221; title_text=&#8221;1453osmanli4&#8243; url=&#8221;@ET-DC@eyJkeW5hbWljIjp0cnVlLCJjb250ZW50IjoicG9zdF9saW5rX3VybF9wYWdlIiwic2V0dGluZ3MiOnsicG9zdF9pZCI6IjIxIn19@&#8221; use_overlay=&#8221;on&#8221; overlay_icon_color=&#8221;#FFFFFF&#8221; hover_overlay_color=&#8221;rgba(206,0,0,0.28)&#8221; _builder_version=&#8221;4.27.4&#8243; _dynamic_attributes=&#8221;url&#8221; _module_preset=&#8221;default&#8221; box_shadow_style=&#8221;preset2&#8243; global_colors_info=&#8221;{}&#8221;][\/et_pb_image][\/et_pb_column][et_pb_column type=&#8221;1_4&#8243; _builder_version=&#8221;4.27.4&#8243; _module_preset=&#8221;default&#8221; global_colors_info=&#8221;{}&#8221;][et_pb_heading title=&#8221;SIGNS&#8221; _builder_version=&#8221;4.27.5&#8243; _module_preset=&#8221;default&#8221; title_level=&#8221;h3&#8243; title_font=&#8221;|600|||||||&#8221; title_text_align=&#8221;center&#8221; title_text_color=&#8221;#FFFFFF&#8221; background_color=&#8221;#6c8aa1&#8243; custom_margin=&#8221;0px|0px|0px|0px|false|false&#8221; custom_padding=&#8221;10px|0px|5px|0px|false|false&#8221; global_colors_info=&#8221;{}&#8221;][\/et_pb_heading][et_pb_text _builder_version=&#8221;4.27.5&#8243; _module_preset=&#8221;default&#8221; text_font_size=&#8221;16px&#8221; background_color=&#8221;rgba(239,239,239,0.62)&#8221; min_height=&#8221;80px&#8221; custom_margin=&#8221;0px|0px|0px|0px|false|false&#8221; custom_padding=&#8221;10px|10px|10px|10px|false|false&#8221; box_shadow_style=&#8221;preset2&#8243; global_colors_info=&#8221;{}&#8221;]<\/p>\n<p style=\"text-align: center;\">Discover Our Signage Projects.<\/p>\n<p>[\/et_pb_text][et_pb_image src=&#8221;https:\/\/www.grafika.com.tr\/en\/wp-content\/uploads\/2025\/12\/6.jpg&#8221; title_text=&#8221;6&#8243; url=&#8221;@ET-DC@eyJkeW5hbWljIjp0cnVlLCJjb250ZW50IjoicG9zdF9saW5rX3VybF9wYWdlIiwic2V0dGluZ3MiOnsicG9zdF9pZCI6IjI1In19@&#8221; use_overlay=&#8221;on&#8221; overlay_icon_color=&#8221;#FFFFFF&#8221; hover_overlay_color=&#8221;rgba(206,0,0,0.28)&#8221; _builder_version=&#8221;4.27.4&#8243; _dynamic_attributes=&#8221;url&#8221; _module_preset=&#8221;default&#8221; box_shadow_style=&#8221;preset2&#8243; global_colors_info=&#8221;{}&#8221;][\/et_pb_image][\/et_pb_column][et_pb_column type=&#8221;1_4&#8243; _builder_version=&#8221;4.27.4&#8243; _module_preset=&#8221;default&#8221; global_colors_info=&#8221;{}&#8221;][et_pb_heading title=&#8221;DESIGN&#8221; _builder_version=&#8221;4.27.5&#8243; _module_preset=&#8221;default&#8221; title_level=&#8221;h3&#8243; title_font=&#8221;|600|||||||&#8221; title_text_align=&#8221;center&#8221; title_text_color=&#8221;#FFFFFF&#8221; background_color=&#8221;#6c8aa1&#8243; custom_margin=&#8221;0px|0px|0px|0px|false|false&#8221; custom_padding=&#8221;10px|0px|5px|0px|false|false&#8221; global_colors_info=&#8221;{}&#8221;][\/et_pb_heading][et_pb_text _builder_version=&#8221;4.27.5&#8243; _module_preset=&#8221;default&#8221; text_font_size=&#8221;16px&#8221; background_color=&#8221;rgba(239,239,239,0.62)&#8221; min_height=&#8221;80px&#8221; custom_margin=&#8221;0px|0px|0px|0px|false|false&#8221; custom_padding=&#8221;10px|10px|10px|10px|false|false&#8221; box_shadow_style=&#8221;preset2&#8243; global_colors_info=&#8221;{}&#8221;]<\/p>\n<p style=\"text-align: center;\">Explore Our Custom Logos.<\/p>\n<p>[\/et_pb_text][et_pb_image src=&#8221;https:\/\/www.grafika.com.tr\/en\/wp-content\/uploads\/2025\/12\/kurumsal_kimlik_03.jpg&#8221; title_text=&#8221;kurumsal_kimlik_03&#8243; url=&#8221;@ET-DC@eyJkeW5hbWljIjp0cnVlLCJjb250ZW50IjoicG9zdF9saW5rX3VybF9wYWdlIiwic2V0dGluZ3MiOnsicG9zdF9pZCI6IjY1NCJ9fQ==@&#8221; use_overlay=&#8221;on&#8221; overlay_icon_color=&#8221;#FFFFFF&#8221; hover_overlay_color=&#8221;rgba(206,0,0,0.28)&#8221; _builder_version=&#8221;4.27.4&#8243; _dynamic_attributes=&#8221;url&#8221; _module_preset=&#8221;default&#8221; box_shadow_style=&#8221;preset2&#8243; global_colors_info=&#8221;{}&#8221;][\/et_pb_image][\/et_pb_column][\/et_pb_row][et_pb_row _builder_version=&#8221;4.27.4&#8243; _module_preset=&#8221;default&#8221; width=&#8221;100%&#8221; max_width=&#8221;2560px&#8221; min_height=&#8221;832.8px&#8221; global_colors_info=&#8221;{}&#8221;][et_pb_column type=&#8221;4_4&#8243; _builder_version=&#8221;4.27.4&#8243; _module_preset=&#8221;default&#8221; global_colors_info=&#8221;{}&#8221;][et_pb_heading title=&#8221;NEWS &#038; UPDATES&#8221; _builder_version=&#8221;4.27.5&#8243; _module_preset=&#8221;default&#8221; title_font=&#8221;|700|||||||&#8221; title_text_align=&#8221;center&#8221; title_text_color=&#8221;#FFFFFF&#8221; background_color=&#8221;#6c8aa1&#8243; custom_margin=&#8221;2px|0px|0px|0px|false|false&#8221; custom_padding=&#8221;15px|0px|10px|0px|false|false&#8221; global_colors_info=&#8221;{}&#8221;][\/et_pb_heading][et_pb_post_slider posts_number=&#8221;10&#8243; include_categories=&#8221;all&#8221; more_text=&#8221;Learn More&#8221; show_meta=&#8221;off&#8221; image_placement=&#8221;left&#8221; _builder_version=&#8221;4.27.5&#8243; _module_preset=&#8221;default&#8221; header_level=&#8221;h3&#8243; header_font_size=&#8221;23px&#8221; background_color=&#8221;rgba(12,113,195,0.41)&#8221; height=&#8221;552px&#8221; custom_margin=&#8221;0px|0px|0px|0px|false|false&#8221; custom_padding=&#8221;0px|0px|0px|0px|false|false&#8221; hover_enabled=&#8221;0&#8243; global_colors_info=&#8221;{}&#8221; sticky_enabled=&#8221;0&#8243;][\/et_pb_post_slider][\/et_pb_column][\/et_pb_row][et_pb_row _builder_version=&#8221;4.27.4&#8243; _module_preset=&#8221;default&#8221; global_colors_info=&#8221;{}&#8221;][et_pb_column type=&#8221;4_4&#8243; _builder_version=&#8221;4.27.4&#8243; _module_preset=&#8221;default&#8221; global_colors_info=&#8221;{}&#8221;][et_pb_heading title=&#8221;What They Said About Us&#8221; _builder_version=&#8221;4.27.5&#8243; _module_preset=&#8221;default&#8221; title_font=&#8221;|700|||||||&#8221; title_text_align=&#8221;center&#8221; title_text_color=&#8221;#FFFFFF&#8221; background_color=&#8221;#6c8aa1&#8243; min_height=&#8221;43px&#8221; custom_margin=&#8221;0px|0px|0px|0px|false|false&#8221; custom_padding=&#8221;15px|0px|10px|0px|false|false&#8221; hover_enabled=&#8221;0&#8243; global_colors_info=&#8221;{}&#8221; sticky_enabled=&#8221;0&#8243;][\/et_pb_heading][et_pb_slider _builder_version=&#8221;4.27.5&#8243; _module_preset=&#8221;default&#8221; height=&#8221;470px&#8221; custom_margin=&#8221;0px|0px|0px|0px|false|false&#8221; custom_padding=&#8221;0px|0px|0px|0px|false|false&#8221; hover_enabled=&#8221;0&#8243; border_width_all=&#8221;1px&#8221; border_color_all=&#8221;#cecece&#8221; box_shadow_style=&#8221;preset2&#8243; global_colors_info=&#8221;{}&#8221; sticky_enabled=&#8221;0&#8243;][et_pb_slide heading=&#8221;Mustafa Demirkan &#8211; European University of Lefke Faculty of Architecture &#038; Engineering&#8221; image=&#8221;https:\/\/www.grafika.com.tr\/en\/wp-content\/uploads\/2025\/12\/mustafa-demirkan-250&#215;250-1.jpg&#8221; _builder_version=&#8221;4.27.5&#8243; _module_preset=&#8221;default&#8221; header_level=&#8221;h4&#8243; header_text_color=&#8221;#000000&#8243; header_font_size=&#8221;18px&#8221; background_color=&#8221;RGBA(255,255,255,0)&#8221; background_enable_color=&#8221;on&#8221; background_layout=&#8221;light&#8221; hover_enabled=&#8221;0&#8243; global_colors_info=&#8221;{}&#8221; sticky_transition=&#8221;on&#8221; sticky_enabled=&#8221;0&#8243;]<\/p>\n<p data-start=\"116\" data-end=\"450\">A stand, as a space within a space, is not a store containing all of a company\u2019s products. Rather, it is a unit that immediately conveys the company\u2019s reliability, production capacity, product types, and standards. Only a company with a high level of design and construction can be reflected properly through a prestigious stand.<\/p>\n<p data-start=\"452\" data-end=\"786\">The Grafika team has achieved the creativity intended in stand design and production by relying on their cultural and aesthetic knowledge, innovative and diverse approach, foresight, careful material selection, craftsmanship, and meticulous attention to detail. The result is the creation of highly qualified and impactful works.<\/p>\n<p>[\/et_pb_slide][et_pb_slide heading=&#8221;Ay\u015fe F\u00fcsun TUN\u00c7 \u2013 Savronik &#8211; Manager \u2013 Promotion and Public Relations&#8221; image=&#8221;https:\/\/www.grafika.com.tr\/en\/wp-content\/uploads\/2025\/12\/ayse-fusun-tunc.jpg&#8221; _builder_version=&#8221;4.27.5&#8243; _module_preset=&#8221;default&#8221; header_level=&#8221;h4&#8243; header_text_color=&#8221;#000000&#8243; header_font_size=&#8221;18px&#8221; background_color=&#8221;RGBA(255,255,255,0)&#8221; background_enable_color=&#8221;on&#8221; background_layout=&#8221;light&#8221; hover_enabled=&#8221;0&#8243; global_colors_info=&#8221;{}&#8221; sticky_transition=&#8221;on&#8221; sticky_enabled=&#8221;0&#8243;]<\/p>\n<p data-start=\"86\" data-end=\"308\">Our stands, manufactured by your company according to the concept you developed for three separate trade fairs, received great appreciation from both our visiting customers and our board members throughout the events.<\/p>\n<p data-start=\"310\" data-end=\"546\">We would like to sincerely thank your entire team for the dedication, meticulous work, and timely, flawless delivery demonstrated during the fairs. We look forward to collaborating on future projects and wish you continued success.<\/p>\n<p>[\/et_pb_slide][et_pb_slide heading=&#8221;Suhandan \u00d6ZAY &#8211; Textile Artist&#8221; image=&#8221;https:\/\/www.grafika.com.tr\/en\/wp-content\/uploads\/2025\/12\/suhandan-ozay-250&#215;250-1.jpg&#8221; _builder_version=&#8221;4.27.5&#8243; _module_preset=&#8221;default&#8221; header_level=&#8221;h4&#8243; header_text_color=&#8221;#000000&#8243; header_font_size=&#8221;18px&#8221; background_color=&#8221;RGBA(255,255,255,0)&#8221; background_enable_color=&#8221;on&#8221; background_layout=&#8221;light&#8221; hover_enabled=&#8221;0&#8243; global_colors_info=&#8221;{}&#8221; sticky_transition=&#8221;on&#8221; sticky_enabled=&#8221;0&#8243;]<\/p>\n<p>I am extremely happy to work with the Grafika Team. They have been my most important supporter in promoting my artistic activities, always giving me priority. In addition to exhibition catalogs, booklets, design competition projects, and graphic layouts, they have organized photo shoots and delivered high-level work with their subject expertise and successful layouts.<\/p>\n<p>[\/et_pb_slide][et_pb_slide heading=&#8221;Onur ALTINBA\u015e \u2013 Verifone \/ General Manager \u2013 Turkey, Russia &#038; Southeast Europe&#8221; image=&#8221;https:\/\/www.grafika.com.tr\/en\/wp-content\/uploads\/2025\/12\/onur-altinbas-250&#215;250-1.jpg&#8221; _builder_version=&#8221;4.27.5&#8243; _module_preset=&#8221;default&#8221; header_level=&#8221;h4&#8243; header_text_color=&#8221;#000000&#8243; header_font_size=&#8221;18px&#8221; background_color=&#8221;RGBA(255,255,255,0)&#8221; background_enable_color=&#8221;on&#8221; background_layout=&#8221;light&#8221; hover_enabled=&#8221;0&#8243; global_colors_info=&#8221;{}&#8221; sticky_transition=&#8221;on&#8221; sticky_enabled=&#8221;0&#8243;]<\/p>\n<p>Our stand was highly appreciated by both our visitors and company representatives, and our design made the most effective use of the allocated spaces. Full compliance and care were ensured in accordance with the fair\u2019s setup requirements and guidelines. On behalf of Verifone, I would like to sincerely thank you for your dedicated work.<\/p>\n<p>[\/et_pb_slide][et_pb_slide heading=&#8221;\u0130brahim SARUHAN&#8221; image=&#8221;https:\/\/www.grafika.com.tr\/en\/wp-content\/uploads\/2025\/12\/ibrahim-saruhan.jpg&#8221; _builder_version=&#8221;4.27.5&#8243; _module_preset=&#8221;default&#8221; header_level=&#8221;h4&#8243; header_text_color=&#8221;#000000&#8243; header_font_size=&#8221;18px&#8221; background_color=&#8221;RGBA(255,255,255,0)&#8221; background_enable_color=&#8221;on&#8221; background_layout=&#8221;light&#8221; hover_enabled=&#8221;0&#8243; global_colors_info=&#8221;{}&#8221; sticky_transition=&#8221;on&#8221; sticky_enabled=&#8221;0&#8243;]<\/p>\n<p>Together, we created 40 concept stores befitting the Panasonic Air Conditioning brand. On behalf of Saruhan Ltd. \u015eti. and all our dealers, I would like to sincerely thank the entire Grafika team for their support throughout this process, providing high-quality work, quick solutions, and accurate advertising guidance.<\/p>\n<p>[\/et_pb_slide][et_pb_slide heading=&#8221;Y\u0131ld\u0131z YAGCI \u2013 Anatolian Artisans \/ President&#8221; image=&#8221;https:\/\/www.grafika.com.tr\/en\/wp-content\/uploads\/2025\/12\/yildiz-yagci-250&#215;250-1.jpg&#8221; _builder_version=&#8221;4.27.5&#8243; _module_preset=&#8221;default&#8221; header_level=&#8221;h4&#8243; header_text_color=&#8221;#000000&#8243; header_font_size=&#8221;18px&#8221; background_color=&#8221;RGBA(255,255,255,0)&#8221; background_enable_color=&#8221;on&#8221; background_layout=&#8221;light&#8221; hover_enabled=&#8221;0&#8243; global_colors_info=&#8221;{}&#8221; sticky_transition=&#8221;on&#8221; sticky_enabled=&#8221;0&#8243;]<\/p>\n<p>I would like to sincerely thank you for your support in the Design Competition. I truly appreciate how significant your technical contributions in graphics, printing, and publishing were to the success of the competition. I am confident that these efforts will have a positive impact on the future professional lives of the students who won awards. Once again, thank you very much, and best regards.<\/p>\n<p>[\/et_pb_slide][et_pb_slide heading=&#8221;Volkan Okur Y\u0131lmaz \/ Yap\u0131ray \/ General Manager&#8221; image=&#8221;https:\/\/www.grafika.com.tr\/en\/wp-content\/uploads\/2025\/12\/Volkan.jpg&#8221; _builder_version=&#8221;4.27.5&#8243; _module_preset=&#8221;default&#8221; header_level=&#8221;h4&#8243; header_text_color=&#8221;#000000&#8243; header_font_size=&#8221;18px&#8221; background_color=&#8221;RGBA(255,255,255,0)&#8221; background_enable_color=&#8221;on&#8221; background_layout=&#8221;light&#8221; hover_enabled=&#8221;0&#8243; global_colors_info=&#8221;{}&#8221; sticky_transition=&#8221;on&#8221; sticky_enabled=&#8221;0&#8243;]<\/p>\n<p>The Grafika team delivered a high-quality stand in line with our expectations, relying on their foresight, appropriate material selection, craftsmanship, and meticulous attention to detail in design and production. For Yap\u0131ray, working with you is an invaluable asset.<\/p>\n<p>[\/et_pb_slide][\/et_pb_slider][\/et_pb_column][\/et_pb_row][\/et_pb_section]<\/p>\n","protected":false},"excerpt":{"rendered":"<p>Grafika,\u00a0Transforming Design into Inspiring Spaces We bring creative ideas to life in exhibition stands and interior decoration through strong production and flawless execution. \u00a0 We design unique spaces where brands express themselves at their best and leave a lasting impression on visitors.Discover Our Exhibition Stand Projects.Discover Our Interior Design Projects.Discover Our Signage Projects.Explore Our Custom [&hellip;]<\/p>\n","protected":false},"author":1,"featured_media":0,"parent":0,"menu_order":0,"comment_status":"closed","ping_status":"closed","template":"","meta":{"_et_pb_use_builder":"on","_et_pb_old_content":"<!-- wp:divi\/placeholder \/-->","_et_gb_content_width":"","footnotes":""},"class_list":["post-14","page","type-page","status-publish","hentry"],"_links":{"self":[{"href":"https:\/\/www.grafika.com.tr\/en\/wp-json\/wp\/v2\/pages\/14","targetHints":{"allow":["GET"]}}],"collection":[{"href":"https:\/\/www.grafika.com.tr\/en\/wp-json\/wp\/v2\/pages"}],"about":[{"href":"https:\/\/www.grafika.com.tr\/en\/wp-json\/wp\/v2\/types\/page"}],"author":[{"embeddable":true,"href":"https:\/\/www.grafika.com.tr\/en\/wp-json\/wp\/v2\/users\/1"}],"replies":[{"embeddable":true,"href":"https:\/\/www.grafika.com.tr\/en\/wp-json\/wp\/v2\/comments?post=14"}],"version-history":[{"count":7,"href":"https:\/\/www.grafika.com.tr\/en\/wp-json\/wp\/v2\/pages\/14\/revisions"}],"predecessor-version":[{"id":1265,"href":"https:\/\/www.grafika.com.tr\/en\/wp-json\/wp\/v2\/pages\/14\/revisions\/1265"}],"wp:attachment":[{"href":"https:\/\/www.grafika.com.tr\/en\/wp-json\/wp\/v2\/media?parent=14"}],"curies":[{"name":"wp","href":"https:\/\/api.w.org\/{rel}","templated":true}]}}